{"id":1145,"date":"2018-05-20T16:45:20","date_gmt":"2018-05-20T15:45:20","guid":{"rendered":"https:\/\/www.hsm-biolab.de\/?page_id=1145"},"modified":"2018-12-17T10:14:27","modified_gmt":"2018-12-17T09:14:27","slug":"impressum","status":"publish","type":"page","link":"http:\/\/www.hsm-biolab.de\/en\/impressum\/","title":{"rendered":"Imprint"},"content":{"rendered":"<h3>Imprint<\/h3>\n<p>gem\u00e4\u00df \u00a75 TMG<\/p>\n<p>HSM biolab GmbH &amp; Co. KG<br \/>\nPaulsdorfferstra\u00dfe 34<br \/>\nD-81549 M\u00fcnchen<\/p>\n<p>Tel.: +49 (0)89 32604237<br \/>\nFax: +49 (0)89 21891252<br \/>\nwww.hsm-biolab.de<\/p>\n<p>Inhaltlich Verantwortlicher gem\u00e4\u00df \u00a7 55 Abs. 2 RStV:<br \/>\nHSM biolab GmbH &amp; Co. KG<\/p>\n<p>Gesch\u00e4ftsf\u00fchrung<br \/>\n3plus Holding GmbH<br \/>\nvertreten durch<br \/>\nDipl. -Ing. Hicham Najjari<\/p>\n<p>Registernummer:<br \/>\nHRA 109803<\/p>\n<p>Amtsgericht M\u00fcnchen<\/p>\n<p>Umsatzsteueridentifikationsnummer:<br \/>\nDE 320918880<\/p>\n<p>Haftungshinweis: Trotz sorgf\u00e4ltiger inhaltlicher Kontrolle \u00fcbernehmen wir keine Haftung f\u00fcr die Inhalte externer Links.<br \/>\nF\u00fcr den Inhalt der verlinkten Seiten sind ausschlie\u00dflich deren Betreiber verantwortlich.<\/p>","protected":false},"excerpt":{"rendered":"<p>Impressum gem\u00e4\u00df \u00a75 TMG HSM biolab GmbH &amp; Co. KG Paulsdorfferstra\u00dfe 34 D-81549 M\u00fcnchen Tel.: +49 (0)89 32604237 Fax: +49 (0)89 21891252 www.hsm-biolab.de Inhaltlich Verantwortlicher gem\u00e4\u00df \u00a7 55 Abs. 2 RStV: HSM biolab GmbH &amp; Co. KG Gesch\u00e4ftsf\u00fchrung 3plus Holding GmbH vertreten durch Dipl. -Ing. Hicham Najjari Registernummer: HRA 109803 Amtsgericht M\u00fcnchen Umsatzsteueridentifikationsnummer: DE 320918880 [&hellip;]<\/p>\n","protected":false},"author":1,"featured_media":0,"parent":0,"menu_order":0,"comment_status":"closed","ping_status":"closed","template":"","meta":{"footnotes":""},"class_list":["post-1145","page","type-page","status-publish","hentry"],"yoast_head":"<!-- This site is optimized with the Yoast SEO plugin v27.2 - https:\/\/yoast.com\/product\/yoast-seo-wordpress\/ -->\n<title>Impressum - Entwickler und Lohnhersteller exklusiver Kosmetik<\/title>\n<meta name=\"robots\" content=\"index, follow, max-snippet:-1, max-image-preview:large, max-video-preview:-1\" \/>\n<link rel=\"canonical\" href=\"https:\/\/www.hsm-biolab.de\/en\/impressum\/\" \/>\n<meta property=\"og:locale\" content=\"en_US\" \/>\n<meta property=\"og:type\" content=\"article\" \/>\n<meta property=\"og:title\" content=\"Impressum - Entwickler und Lohnhersteller exklusiver Kosmetik\" \/>\n<meta property=\"og:description\" content=\"Impressum gem\u00e4\u00df \u00a75 TMG HSM biolab GmbH &amp; Co. KG Paulsdorfferstra\u00dfe 34 D-81549 M\u00fcnchen Tel.: +49 (0)89 32604237 Fax: +49 (0)89 21891252 www.hsm-biolab.de Inhaltlich Verantwortlicher gem\u00e4\u00df \u00a7 55 Abs. 2 RStV: HSM biolab GmbH &amp; Co. KG Gesch\u00e4ftsf\u00fchrung 3plus Holding GmbH vertreten durch Dipl. -Ing. Hicham Najjari Registernummer: HRA 109803 Amtsgericht M\u00fcnchen Umsatzsteueridentifikationsnummer: DE 320918880 [&hellip;]\" \/>\n<meta property=\"og:url\" content=\"https:\/\/www.hsm-biolab.de\/en\/impressum\/\" \/>\n<meta property=\"og:site_name\" content=\"Entwickler und Lohnhersteller exklusiver Kosmetik\" \/>\n<meta property=\"article:modified_time\" content=\"2018-12-17T09:14:27+00:00\" \/>\n<meta name=\"twitter:card\" content=\"summary_large_image\" \/>\n<script type=\"application\/ld+json\" class=\"yoast-schema-graph\">{\"@context\":\"https:\/\/schema.org\",\"@graph\":[{\"@type\":\"WebPage\",\"@id\":\"https:\/\/www.hsm-biolab.de\/impressum\/\",\"url\":\"https:\/\/www.hsm-biolab.de\/impressum\/\",\"name\":\"Impressum - Entwickler und Lohnhersteller exklusiver Kosmetik\",\"isPartOf\":{\"@id\":\"https:\/\/www.hsm-biolab.de\/#website\"},\"datePublished\":\"2018-05-20T15:45:20+00:00\",\"dateModified\":\"2018-12-17T09:14:27+00:00\",\"breadcrumb\":{\"@id\":\"https:\/\/www.hsm-biolab.de\/impressum\/#breadcrumb\"},\"inLanguage\":\"en-US\",\"potentialAction\":[{\"@type\":\"ReadAction\",\"target\":[\"https:\/\/www.hsm-biolab.de\/impressum\/\"]}]},{\"@type\":\"BreadcrumbList\",\"@id\":\"https:\/\/www.hsm-biolab.de\/impressum\/#breadcrumb\",\"itemListElement\":[{\"@type\":\"ListItem\",\"position\":1,\"name\":\"Startseite\",\"item\":\"https:\/\/www.hsm-biolab.de\/\"},{\"@type\":\"ListItem\",\"position\":2,\"name\":\"Impressum\"}]},{\"@type\":\"WebSite\",\"@id\":\"https:\/\/www.hsm-biolab.de\/#website\",\"url\":\"https:\/\/www.hsm-biolab.de\/\",\"name\":\"Entwickler und Lohnhersteller exklusiver Kosmetik\",\"description\":\"Exklusive Naturkosmetik - Full Service Partner\",\"potentialAction\":[{\"@type\":\"SearchAction\",\"target\":{\"@type\":\"EntryPoint\",\"urlTemplate\":\"https:\/\/www.hsm-biolab.de\/?s={search_term_string}\"},\"query-input\":{\"@type\":\"PropertyValueSpecification\",\"valueRequired\":true,\"valueName\":\"search_term_string\"}}],\"inLanguage\":\"en-US\"}]}<\/script>\n<!-- \/ Yoast SEO plugin. -->","yoast_head_json":{"title":"Impressum - Entwickler und Lohnhersteller exklusiver Kosmetik","robots":{"index":"index","follow":"follow","max-snippet":"max-snippet:-1","max-image-preview":"max-image-preview:large","max-video-preview":"max-video-preview:-1"},"canonical":"https:\/\/www.hsm-biolab.de\/en\/impressum\/","og_locale":"en_US","og_type":"article","og_title":"Impressum - Entwickler und Lohnhersteller exklusiver Kosmetik","og_description":"Impressum gem\u00e4\u00df \u00a75 TMG HSM biolab GmbH &amp; Co. KG Paulsdorfferstra\u00dfe 34 D-81549 M\u00fcnchen Tel.: +49 (0)89 32604237 Fax: +49 (0)89 21891252 www.hsm-biolab.de Inhaltlich Verantwortlicher gem\u00e4\u00df \u00a7 55 Abs. 2 RStV: HSM biolab GmbH &amp; Co. KG Gesch\u00e4ftsf\u00fchrung 3plus Holding GmbH vertreten durch Dipl. -Ing. Hicham Najjari Registernummer: HRA 109803 Amtsgericht M\u00fcnchen Umsatzsteueridentifikationsnummer: DE 320918880 [&hellip;]","og_url":"https:\/\/www.hsm-biolab.de\/en\/impressum\/","og_site_name":"Entwickler und Lohnhersteller exklusiver Kosmetik","article_modified_time":"2018-12-17T09:14:27+00:00","twitter_card":"summary_large_image","schema":{"@context":"https:\/\/schema.org","@graph":[{"@type":"WebPage","@id":"https:\/\/www.hsm-biolab.de\/impressum\/","url":"https:\/\/www.hsm-biolab.de\/impressum\/","name":"Impressum - Entwickler und Lohnhersteller exklusiver Kosmetik","isPartOf":{"@id":"https:\/\/www.hsm-biolab.de\/#website"},"datePublished":"2018-05-20T15:45:20+00:00","dateModified":"2018-12-17T09:14:27+00:00","breadcrumb":{"@id":"https:\/\/www.hsm-biolab.de\/impressum\/#breadcrumb"},"inLanguage":"en-US","potentialAction":[{"@type":"ReadAction","target":["https:\/\/www.hsm-biolab.de\/impressum\/"]}]},{"@type":"BreadcrumbList","@id":"https:\/\/www.hsm-biolab.de\/impressum\/#breadcrumb","itemListElement":[{"@type":"ListItem","position":1,"name":"Startseite","item":"https:\/\/www.hsm-biolab.de\/"},{"@type":"ListItem","position":2,"name":"Impressum"}]},{"@type":"WebSite","@id":"https:\/\/www.hsm-biolab.de\/#website","url":"https:\/\/www.hsm-biolab.de\/","name":"Entwickler und Lohnhersteller exklusiver Kosmetik","description":"Exklusive Naturkosmetik - Full Service Partner","potentialAction":[{"@type":"SearchAction","target":{"@type":"EntryPoint","urlTemplate":"https:\/\/www.hsm-biolab.de\/?s={search_term_string}"},"query-input":{"@type":"PropertyValueSpecification","valueRequired":true,"valueName":"search_term_string"}}],"inLanguage":"en-US"}]}},"_links":{"self":[{"href":"http:\/\/www.hsm-biolab.de\/en\/wp-json\/wp\/v2\/pages\/1145","targetHints":{"allow":["GET"]}}],"collection":[{"href":"http:\/\/www.hsm-biolab.de\/en\/wp-json\/wp\/v2\/pages"}],"about":[{"href":"http:\/\/www.hsm-biolab.de\/en\/wp-json\/wp\/v2\/types\/page"}],"author":[{"embeddable":true,"href":"http:\/\/www.hsm-biolab.de\/en\/wp-json\/wp\/v2\/users\/1"}],"replies":[{"embeddable":true,"href":"http:\/\/www.hsm-biolab.de\/en\/wp-json\/wp\/v2\/comments?post=1145"}],"version-history":[{"count":8,"href":"http:\/\/www.hsm-biolab.de\/en\/wp-json\/wp\/v2\/pages\/1145\/revisions"}],"predecessor-version":[{"id":1410,"href":"http:\/\/www.hsm-biolab.de\/en\/wp-json\/wp\/v2\/pages\/1145\/revisions\/1410"}],"wp:attachment":[{"href":"http:\/\/www.hsm-biolab.de\/en\/wp-json\/wp\/v2\/media?parent=1145"}],"curies":[{"name":"wp","href":"https:\/\/api.w.org\/{rel}","templated":true}]}}